{"id":629,"date":"2025-10-28T10:26:58","date_gmt":"2025-10-28T16:26:58","guid":{"rendered":"https:\/\/www.multemas.com\/?page_id=629"},"modified":"2025-10-28T10:26:58","modified_gmt":"2025-10-28T16:26:58","slug":"como-ganar-puntos","status":"publish","type":"page","link":"https:\/\/www.multemas.com\/index.php\/como-ganar-puntos\/","title":{"rendered":"\u00bfC\u00f3mo ganar puntos?"},"content":{"rendered":"<p><code><br \/>\n<main id=\"mts-ganar-puntos\" role=\"main\" aria-labelledby=\"titulo-ganar-puntos\" style=\"max-width:1100px;margin:0 auto;padding:1rem;\"><\/p>\n<header>\n<h1 id=\"titulo-ganar-puntos\">\ud83c\udfaf \u00bfC\u00f3mo ganar puntos en la Plataforma Educativa MTS?<\/h1>\n<p>En MulTemaS, creemos que el aprendizaje tambi\u00e9n debe ser emocionante y recompensado. Por eso, cada acci\u00f3n que realiz\u00e1s en nuestra plataforma educativa puede ayudarte a acumular puntos, desbloquear logros y alcanzar nuevos niveles. \ud83d\ude80<\/p>\n<\/header>\n<section style=\"margin-top:2rem;\">\n<h2>\ud83d\udd39 \u00bfQu\u00e9 son los Puntos de Aprendizaje MTS?<\/h2>\n<p>Son recompensas digitales que obten\u00e9s por participar activamente en cursos, desaf\u00edos, evaluaciones, comentarios y otras acciones educativas dentro de nuestro sitio.<\/p>\n<p><strong>\u00a1Cuantos m\u00e1s puntos gan\u00e1s, m\u00e1s logros desbloque\u00e1s y m\u00e1s alto escal\u00e1s en tu nivel de aprendizaje!<\/strong><\/p>\n<\/section>\n<section style=\"margin-top:2rem;\">\n<h2>\ud83c\udfc5 Acciones que te dan puntos<\/h2>\n<ul style=\"list-style: disc; padding-left: 1.5rem;\">\n<li>\ud83e\udde0 Completar lecciones y m\u00f3dulos de nuestros cursos.<\/li>\n<li>\ud83d\udcda Aprobar cuestionarios y evaluaciones.<\/li>\n<li>\ud83d\udcac Comentar y participar de manera respetuosa en los foros o espacios sociales.<\/li>\n<li>\ud83c\udf93 Finalizar un curso completo.<\/li>\n<li>\ud83d\udd04 Visitar frecuentemente la plataforma (participaci\u00f3n activa).<\/li>\n<li>\ud83d\ude80 Compartir recursos o recomendar MulTemaS a otras personas.<\/li>\n<\/ul>\n<p><em>*Las acciones espec\u00edficas y sus valores en puntos pueden variar seg\u00fan el curso o actividad. \u00a1Revis\u00e1 las reglas de cada uno para m\u00e1s detalles!<\/em><\/p>\n<\/section>\n<section style=\"margin-top:2rem;\">\n<h2>\ud83c\udf96\ufe0f \u00bfQu\u00e9 puedo hacer con los puntos?<\/h2>\n<p>Adem\u00e1s de motivarte en tu ruta de aprendizaje, los puntos te permiten:<\/p>\n<ul style=\"list-style: circle; padding-left: 1.5rem;\">\n<li>Desbloquear <strong>insignias educativas<\/strong> que se mostrar\u00e1n en tu perfil.<\/li>\n<li>Subir de <strong>nivel de aprendizaje<\/strong> dentro de MulTemaS.<\/li>\n<li>Recibir <strong>certificados y reconocimientos especiales<\/strong>.<\/li>\n<li>Acceder a <strong>promociones exclusivas<\/strong> o contenido adicional gratuito.<\/li>\n<\/ul>\n<\/section>\n<section style=\"margin-top:2rem;\">\n<h2>\ud83d\udcc8 \u00bfD\u00f3nde veo mis puntos y logros?<\/h2>\n<p>Ingres\u00e1 a tu perfil o visit\u00e1 la p\u00e1gina \ud83d\udc49 <a href=\"\/index.php\/mis-logros\/\" style=\"color:#1d4ed8;text-decoration:underline;\">Mis logros<\/a> para ver tu progreso actual, tus insignias, puntos acumulados y el historial de acciones.<\/p>\n<\/section>\n<section style=\"margin-top:2rem;background:#f0f4ff;border-left:4px solid #2563eb;padding:1rem;border-radius:.5rem;\">\n<h2>\ud83d\udca1 \u00a1Consejos para sumar m\u00e1s puntos!<\/h2>\n<ul style=\"padding-left:1.5rem;\">\n<li>\u2714\ufe0f Particip\u00e1 activamente en todos los cursos en los que est\u00e9s matriculado(a).<\/li>\n<li>\u2714\ufe0f Explor\u00e1 nuevas formaciones y recursos semanales.<\/li>\n<li>\u2714\ufe0f Compart\u00ed tus experiencias en redes sociales etiquetando a MulTemaS.<\/li>\n<li>\u2714\ufe0f Ayud\u00e1 a otros usuarios en foros y comentarios.<\/li>\n<\/ul>\n<p>\u00a1Con esfuerzo, constancia y entusiasmo pod\u00e9s alcanzar los niveles m\u00e1s altos y dejar tu huella en la comunidad educativa MulTemaS!<\/p>\n<\/section>\n<section style=\"margin-top:2rem;\">\n<h2>\ud83d\ude80 \u00bfListo para ganar puntos?<\/h2>\n<p>\n      Ingres\u00e1 a tus <a href=\"\/index.php\/courses\/\" style=\"color:#0ea5e9;text-decoration:underline;\">cursos<\/a> favoritos, complet\u00e1 actividades, particip\u00e1 con compromiso...<br \/>\n      <strong>\u00a1y comenz\u00e1 a sumar puntos desde hoy!<\/strong> \ud83c\udf93\ud83d\udcaa\n    <\/p>\n<\/section>\n<footer style=\"margin-top:3rem;text-align:center;\">\n<p style=\"font-size:.9rem;color:#6b7280;\">Esta plataforma forma parte del ecosistema MulTemaS \u2013 Tecnolog\u00eda sin fronteras para todos.<\/p>\n<\/footer>\n<p><\/main><br \/>\n<\/code><\/p>\n","protected":false},"excerpt":{"rendered":"<p>\ud83c\udfaf \u00bfC\u00f3mo ganar puntos en la Plataforma Educativa MTS? En MulTemaS, creemos que el aprendizaje tambi\u00e9n debe ser emocionante y&hellip; <a class=\"more-link\" href=\"https:\/\/www.multemas.com\/index.php\/como-ganar-puntos\/\">Seguir leyendo <span class=\"screen-reader-text\">\u00bfC\u00f3mo ganar puntos?<\/span><\/a><\/p>\n","protected":false},"author":1,"featured_media":0,"parent":0,"menu_order":0,"comment_status":"closed","ping_status":"closed","template":"","meta":{"advanced_seo_description":"","jetpack_seo_html_title":"","jetpack_seo_noindex":false,"footnotes":""},"class_list":["post-629","page","type-page","status-publish","hentry","entry"],"jetpack_sharing_enabled":true,"jetpack_likes_enabled":true,"jetpack-related-posts":[{"id":583,"url":"https:\/\/www.multemas.com\/index.php\/mis-logros\/","url_meta":{"origin":629,"position":0},"title":"\ud83c\udfc5 Mis logros","author":"MulTemaS","date":"octubre 27, 2025","format":false,"excerpt":"\ud83c\udfc5 Mis Logros en la Plataforma MTS \ud83c\udf93 \u00a1Hola, [gamipress_user_field field=\"display_name\"]! Este es tu espacio personal para revisar tu progreso en MulTemaS. \ud83d\udcda Aqu\u00ed pod\u00e9s ver tus insignias educativas, tus puntos acumulados, tus niveles de aprendizaje y un historial completo de tus acciones y logros en la plataforma. \ud83d\udca1 Tip:\u2026","rel":"","context":"Entrada similar","block_context":{"text":"Entrada similar","link":""},"img":{"alt_text":"","src":"","width":0,"height":0},"classes":[]},{"id":531,"url":"https:\/\/www.multemas.com\/index.php\/plataforma-educativa-mts\/","url_meta":{"origin":629,"position":1},"title":"Plataforma educativa MTS","author":"MulTemaS","date":"octubre 17, 2025","format":false,"excerpt":"\ud83c\udf93 Plataforma Educativa, Recursos e Infoproductos | MTS MulTemaS Por: Lic. Patrick Willeth Rodr\u00edguez Vega Bienvenido(a) a la plataforma oficial de cursos, recursos e infoproductos de MTS MulTemaS. Aqu\u00ed encontrar\u00e1s formaci\u00f3n accesible, materiales especializados y oportunidades de colaboraci\u00f3n educativa bajo el lema: \u201cTecnolog\u00eda sin fronteras para todos.\u201d \ud83c\udf10 Nuestra Misi\u00f3n\u2026","rel":"","context":"Entrada similar","block_context":{"text":"Entrada similar","link":""},"img":{"alt_text":"","src":"","width":0,"height":0},"classes":[]},{"id":12,"url":"https:\/\/www.multemas.com\/index.php\/contacto\/","url_meta":{"origin":629,"position":2},"title":"Contacto","author":"MulTemaS","date":"enero 16, 2024","format":false,"excerpt":"\ud83d\udcec Cont\u00e1ctanos Estamos aqu\u00ed para ayudarte a construir una tecnolog\u00eda sin fronteras En MulTemaS, creemos en la comunicaci\u00f3n abierta, accesible y directa.Si tienes alguna consulta, requer\u00eds asesor\u00eda especializada, dese\u00e1s solicitar un servicio o simplemente quer\u00e9s conocer m\u00e1s sobre nuestras soluciones tecnol\u00f3gicas inclusivas, \u00a1est\u00e1s en el lugar correcto! \ud83d\udcde Medios de\u2026","rel":"","context":"Entrada similar","block_context":{"text":"Entrada similar","link":""},"img":{"alt_text":"","src":"","width":0,"height":0},"classes":[]},{"id":3,"url":"https:\/\/www.multemas.com\/index.php\/privacy-policy\/","url_meta":{"origin":629,"position":3},"title":"Privacy Policy","author":"MulTemaS","date":"enero 25, 2023","format":false,"excerpt":"Pol\u00edtica de Privacidad MulTemaS \u2013 Tecnolog\u00eda sin fronteras para todos \u00daltima actualizaci\u00f3n: 1\/3\/2026 1. Introducci\u00f3n En MulTemaS (\u201cMTS\u201d) valoramos profundamente la privacidad y la protecci\u00f3n de los datos personales de todas las personas que interact\u00faan con nuestros servicios, plataformas digitales y canales de comunicaci\u00f3n. Esta Pol\u00edtica de Privacidad describe de\u2026","rel":"","context":"Entrada similar","block_context":{"text":"Entrada similar","link":""},"img":{"alt_text":"","src":"","width":0,"height":0},"classes":[]},{"id":535,"url":"https:\/\/www.multemas.com\/index.php\/guia-de-accesibilidad-para-usar-el-sitio-multemas\/","url_meta":{"origin":629,"position":4},"title":"Gu\u00eda De Accesibilidad Para Usar El Sitio \u2013 MulTemaS","author":"MulTemaS","date":"octubre 18, 2025","format":false,"excerpt":"Gu\u00eda de Accesibilidad para Usar el Sitio | MTS MulTemaS Saltar al contenido principal \u267f Accesible Gu\u00eda de Accesibilidad para Usar el Sitio de MTS MulTemaS Por: Lic. Patrick Willeth Rodr\u00edguez Vega \u00b7 \u201c\u00a1Tecnolog\u00eda sin fronteras para todos!\u201d Esta gu\u00eda explica c\u00f3mo navegar el sitio con lector de pantalla, teclado,\u2026","rel":"","context":"Entrada similar","block_context":{"text":"Entrada similar","link":""},"img":{"alt_text":"","src":"","width":0,"height":0},"classes":[]},{"id":496,"url":"https:\/\/www.multemas.com\/index.php\/term_conditions\/","url_meta":{"origin":629,"position":5},"title":"Terms and Conditions","author":"MulTemaS","date":"octubre 17, 2025","format":false,"excerpt":"T\u00c9RMINOS Y CONDICIONES DE USO DEL SITIO WEB MulTemaS \u2013 Tecnolog\u00eda sin fronteras para todos \u00daltima actualizaci\u00f3n: 1\/3\/2026 1. Identificaci\u00f3n del titular del sitio El presente sitio web es operado por el proyecto tecnol\u00f3gico MulTemaS, iniciativa vinculada a la empresa: Soluciones Integrales PDBJ S.R.L. Direcci\u00f3n estrat\u00e9gica:Lic. Patrick Willeth Rodr\u00edguez VegaFundador\u2026","rel":"","context":"Entrada similar","block_context":{"text":"Entrada similar","link":""},"img":{"alt_text":"","src":"","width":0,"height":0},"classes":[]}],"_links":{"self":[{"href":"https:\/\/www.multemas.com\/index.php\/wp-json\/wp\/v2\/pages\/629","targetHints":{"allow":["GET"]}}],"collection":[{"href":"https:\/\/www.multemas.com\/index.php\/wp-json\/wp\/v2\/pages"}],"about":[{"href":"https:\/\/www.multemas.com\/index.php\/wp-json\/wp\/v2\/types\/page"}],"author":[{"embeddable":true,"href":"https:\/\/www.multemas.com\/index.php\/wp-json\/wp\/v2\/users\/1"}],"replies":[{"embeddable":true,"href":"https:\/\/www.multemas.com\/index.php\/wp-json\/wp\/v2\/comments?post=629"}],"version-history":[{"count":2,"href":"https:\/\/www.multemas.com\/index.php\/wp-json\/wp\/v2\/pages\/629\/revisions"}],"predecessor-version":[{"id":631,"href":"https:\/\/www.multemas.com\/index.php\/wp-json\/wp\/v2\/pages\/629\/revisions\/631"}],"wp:attachment":[{"href":"https:\/\/www.multemas.com\/index.php\/wp-json\/wp\/v2\/media?parent=629"}],"curies":[{"name":"wp","href":"https:\/\/api.w.org\/{rel}","templated":true}]}}